


{"id":190,"date":"2018-02-01T14:14:07","date_gmt":"2018-02-01T13:14:07","guid":{"rendered":"http:\/\/localhost:8888\/HeinzHuber\/wordpress\/?page_id=190"},"modified":"2018-03-27T17:36:38","modified_gmt":"2018-03-27T15:36:38","slug":"imprint","status":"publish","type":"page","link":"https:\/\/www.heinzhuber.eu\/en\/imprint\/","title":{"rendered":"Imprint"},"content":{"rendered":"<p>Heinz Huber Internationale Spedition GmbH &amp; Co. KG<br \/>\nFraunhoferstra\u00dfe 9<br \/>\n85301 Schweitenkirchen<\/p>\n<p>Phone: 08444\/9194-0<br \/>\nFax: 08444\/9194-98\/99<br \/>\nEmail: info-line@huber-spedition.de<\/p>\n<p>Kommanditgesellschaft:<br \/>\nSitz Schweitenkirchen, Amtsgericht Ingolstadt HRA 170202<br \/>\nPers\u00f6nlich haftende Gesellschafterin:<br \/>\nHeinz Huber GmbH, Sitz Schweitenkirchen HRB 191018<br \/>\nGesch\u00e4ftsf\u00fchrer: Christian Huber<br \/>\nZust\u00e4ndige Aufsichtsbeh\u00f6rden: Bundesamt f\u00fcr G\u00fcterverkehr, Werderstr.34, 50672 K\u00f6ln<br \/>\nLandratsamt Pfaffenhofen, Hauptplatz 22, 85276 Pfaffenhofen<br \/>\nUST-IDNR.: DE 130 499 755<br \/>\nUST-Nr. 154\/162\/51905<\/p>\n","protected":false},"excerpt":{"rendered":"Heinz Huber Internationale Spedition GmbH &amp; Co. KG Fraunhoferstra\u00dfe 9 85301 Schweitenkirchen Phone: 08444\/9194-0 Fax: 08444\/9194-98\/99 Email: info-line@huber-spedition.de Kommanditgesellschaft: Sitz Schweitenkirchen, Amtsgericht Ingolstadt HRA 170202 Pers\u00f6nlich haftende Gesellschafterin: Heinz Huber GmbH, Sitz Schweitenkirchen HRB 191018 Gesch\u00e4ftsf\u00fchrer: Christian Huber Zust\u00e4ndige Aufsichtsbeh\u00f6rden: Bundesamt f\u00fcr G\u00fcterverkehr, Werderstr.34, 50672 K\u00f6ln Landratsamt Pfaffenhofen, Hauptplatz 22, 85276 Pfaffenhofen UST-IDNR.: DE 130&#8230; <a class=\"view-article\" href=\"https:\/\/www.heinzhuber.eu\/en\/imprint\/\">View Article<\/a>","protected":false},"author":1,"featured_media":0,"parent":0,"menu_order":0,"comment_status":"closed","ping_status":"closed","template":"","meta":[],"acf":[],"_links":{"self":[{"href":"https:\/\/www.heinzhuber.eu\/en\/wp-json\/wp\/v2\/pages\/190"}],"collection":[{"href":"https:\/\/www.heinzhuber.eu\/en\/wp-json\/wp\/v2\/pages"}],"about":[{"href":"https:\/\/www.heinzhuber.eu\/en\/wp-json\/wp\/v2\/types\/page"}],"author":[{"embeddable":true,"href":"https:\/\/www.heinzhuber.eu\/en\/wp-json\/wp\/v2\/users\/1"}],"replies":[{"embeddable":true,"href":"https:\/\/www.heinzhuber.eu\/en\/wp-json\/wp\/v2\/comments?post=190"}],"version-history":[{"count":5,"href":"https:\/\/www.heinzhuber.eu\/en\/wp-json\/wp\/v2\/pages\/190\/revisions"}],"predecessor-version":[{"id":439,"href":"https:\/\/www.heinzhuber.eu\/en\/wp-json\/wp\/v2\/pages\/190\/revisions\/439"}],"wp:attachment":[{"href":"https:\/\/www.heinzhuber.eu\/en\/wp-json\/wp\/v2\/media?parent=190"}],"curies":[{"name":"wp","href":"https:\/\/api.w.org\/{rel}","templated":true}]}}